{"id":2442,"date":"2026-02-19T12:21:47","date_gmt":"2026-02-19T11:21:47","guid":{"rendered":"https:\/\/darts-control.at\/?page_id=2442"},"modified":"2026-02-19T16:24:40","modified_gmt":"2026-02-19T15:24:40","slug":"mitglied-werden","status":"publish","type":"page","link":"https:\/\/darts-control.at\/en\/mitglied-werden\/","title":{"rendered":"Mitglied werden"},"content":{"rendered":"\t\t<div data-elementor-type=\"wp-page\" data-elementor-id=\"2442\" class=\"elementor elementor-2442\" data-elementor-post-type=\"page\">\n\t\t\t\t<div class=\"elementor-element elementor-element-e6b402f pad-tb-m e-flex e-con-boxed e-con e-parent\" data-id=\"e6b402f\" data-element_type=\"container\" data-e-type=\"container\">\n\t\t\t\t\t<div class=\"e-con-inner\">\n\t\t<div class=\"elementor-element elementor-element-10f17a8 e-con-full e-flex e-con e-child\" data-id=\"10f17a8\" data-element_type=\"container\" data-e-type=\"container\">\n\t\t\t\t<div class=\"elementor-element elementor-element-aef45e5 elementor-widget elementor-widget-heading\" data-id=\"aef45e5\" data-element_type=\"widget\" data-e-type=\"widget\" data-widget_type=\"heading.default\">\n\t\t\t\t<div class=\"elementor-widget-container\">\n\t\t\t\t\t<h1 class=\"elementor-heading-title elementor-size-default\">Werde Mitglied bei Darts-Control<\/h1>\t\t\t\t<\/div>\n\t\t\t\t<\/div>\n\t\t\t\t<div class=\"elementor-element elementor-element-b2f02cb elementor-widget elementor-widget-heading\" data-id=\"b2f02cb\" data-element_type=\"widget\" data-e-type=\"widget\" data-widget_type=\"heading.default\">\n\t\t\t\t<div class=\"elementor-widget-container\">\n\t\t\t\t\t<h2 class=\"elementor-heading-title elementor-size-default\">Starte deinen Weg im Steeldarts \u2013 egal ob Anf\u00e4nger oder Fortgeschrittener<\/h2>\t\t\t\t<\/div>\n\t\t\t\t<\/div>\n\t\t\t\t<div class=\"elementor-element elementor-element-1ccba65 elementor-widget elementor-widget-text-editor\" data-id=\"1ccba65\" data-element_type=\"widget\" data-e-type=\"widget\" data-widget_type=\"text-editor.default\">\n\t\t\t\t<div class=\"elementor-widget-container\">\n\t\t\t\t\t\t\t\t\t<p data-start=\"573\" data-end=\"726\">Du m\u00f6chtest in einem Verein Darts spielen, Teil einer starken Community werden und dich sportlich weiterentwickeln? Dann bist du bei uns genau richtig. Der Darts Club Darts-Control ist einer der gr\u00f6\u00dften Steeldarts-Vereine \u00d6sterreichs und der gr\u00f6\u00dfte in Wien \u2013 und wir freuen uns immer \u00fcber neue Mitglieder. Lies dir hier alles in Ruhe durch und komm dann einfach vorbei.<\/p>\t\t\t\t\t\t\t\t<\/div>\n\t\t\t\t<\/div>\n\t\t\t\t<div class=\"elementor-element elementor-element-dd0103b elementor-widget elementor-widget-button\" data-id=\"dd0103b\" data-element_type=\"widget\" data-e-type=\"widget\" data-widget_type=\"button.default\">\n\t\t\t\t<div class=\"elementor-widget-container\">\n\t\t\t\t\t\t\t\t\t<div class=\"elementor-button-wrapper\">\n\t\t\t\t\t<a class=\"elementor-button elementor-button-link elementor-size-sm\" href=\"https:\/\/darts-control.at\/en\/ueber-uns\/\">\n\t\t\t\t\t\t<span class=\"elementor-button-content-wrapper\">\n\t\t\t\t\t\t\t\t\t<span class=\"elementor-button-text\">Mehr \u00fcber uns erfahren<\/span>\n\t\t\t\t\t<\/span>\n\t\t\t\t\t<\/a>\n\t\t\t\t<\/div>\n\t\t\t\t\t\t\t\t<\/div>\n\t\t\t\t<\/div>\n\t\t\t\t<\/div>\n\t\t\t\t<div class=\"elementor-element elementor-element-1d02bab elementor-widget-laptop__width-initial elementor-widget elementor-widget-image\" data-id=\"1d02bab\" data-element_type=\"widget\" data-e-type=\"widget\" data-widget_type=\"image.default\">\n\t\t\t\t<div class=\"elementor-widget-container\">\n\t\t\t\t\t\t\t\t\t\t\t\t\t\t\t<img fetchpriority=\"high\" decoding=\"async\" width=\"1111\" height=\"1007\" src=\"https:\/\/darts-control.at\/wp-content\/uploads\/D-C-Logo-freigestelltweiss.png\" class=\"attachment-large size-large wp-image-1995\" alt=\"D-C Logo freigestelltweiss\" srcset=\"https:\/\/darts-control.at\/wp-content\/uploads\/D-C-Logo-freigestelltweiss.png 1111w, https:\/\/darts-control.at\/wp-content\/uploads\/D-C-Logo-freigestelltweiss-768x696.png 768w, https:\/\/darts-control.at\/wp-content\/uploads\/D-C-Logo-freigestelltweiss-13x12.png 13w\" sizes=\"(max-width: 1111px) 100vw, 1111px\" \/>\t\t\t\t\t\t\t\t\t\t\t\t\t\t\t<\/div>\n\t\t\t\t<\/div>\n\t\t\t\t\t<\/div>\n\t\t\t\t<\/div>\n\t\t<div class=\"elementor-element elementor-element-6faabe9 e-flex e-con-boxed e-con e-parent\" data-id=\"6faabe9\" data-element_type=\"container\" data-e-type=\"container\" data-settings=\"{&quot;background_background&quot;:&quot;classic&quot;}\">\n\t\t\t\t\t<div class=\"e-con-inner\">\n\t\t\t\t\t<\/div>\n\t\t\t\t<\/div>\n\t\t<div class=\"elementor-element elementor-element-f0004e2 pad-tb-m e-flex e-con-boxed e-con e-parent\" data-id=\"f0004e2\" data-element_type=\"container\" data-e-type=\"container\" data-settings=\"{&quot;background_background&quot;:&quot;classic&quot;}\">\n\t\t\t\t\t<div class=\"e-con-inner\">\n\t\t\t\t<div class=\"elementor-element elementor-element-2565dfb elementor-widget__width-inherit elementor-widget elementor-widget-heading\" data-id=\"2565dfb\" data-element_type=\"widget\" data-e-type=\"widget\" data-widget_type=\"heading.default\">\n\t\t\t\t<div class=\"elementor-widget-container\">\n\t\t\t\t\t<h2 class=\"elementor-heading-title elementor-size-default\">Folge unseren Social Media Kan\u00e4len und bleib auf dem Laufenden<\/h2>\t\t\t\t<\/div>\n\t\t\t\t<\/div>\n\t\t\t\t<div class=\"elementor-element elementor-element-4362e53 elementor-widget__width-initial elementor-widget elementor-widget-text-editor\" data-id=\"4362e53\" data-element_type=\"widget\" data-e-type=\"widget\" data-widget_type=\"text-editor.default\">\n\t\t\t\t<div class=\"elementor-widget-container\">\n\t\t\t\t\t\t\t\t\t<p data-start=\"2604\" data-end=\"2670\"><strong>\u00dcber unseren WhatsApp Kanal verk\u00fcnden wir immer unsere Turniere und Trainingsabende &#8211; klicke auf das WhatsApp-Icon und abonniere unseren WhatsApp-Kanal. Dann bist du immer Up-to-date!<\/strong><\/p>\t\t\t\t\t\t\t\t<\/div>\n\t\t\t\t<\/div>\n\t\t\t\t<div class=\"elementor-element elementor-element-5533615 elementor-widget__width-initial elementor-widget elementor-widget-text-editor\" data-id=\"5533615\" data-element_type=\"widget\" data-e-type=\"widget\" data-widget_type=\"text-editor.default\">\n\t\t\t\t<div class=\"elementor-widget-container\">\n\t\t\t\t\t\t\t\t\t<p data-start=\"2604\" data-end=\"2670\">Wir haben keine fixen \u00d6ffnungszeiten, sondern k\u00fcndigen immer \u00fcber unsere Social Media Kan\u00e4le an, wenn unser Darts Club offen hat. Daher empfehlen wir grunds\u00e4tzlich allen Interessierten uns auf unseren Social Media Kan\u00e4len zu folgen.\u00a0<\/p>\t\t\t\t\t\t\t\t<\/div>\n\t\t\t\t<\/div>\n\t\t\t\t<div class=\"elementor-element elementor-element-9e223fd elementor-shape-rounded elementor-grid-0 e-grid-align-center elementor-widget elementor-widget-social-icons\" data-id=\"9e223fd\" data-element_type=\"widget\" data-e-type=\"widget\" data-widget_type=\"social-icons.default\">\n\t\t\t\t<div class=\"elementor-widget-container\">\n\t\t\t\t\t\t\t<div class=\"elementor-social-icons-wrapper elementor-grid\" role=\"list\">\n\t\t\t\t\t\t\t<span class=\"elementor-grid-item\" role=\"listitem\">\n\t\t\t\t\t<a class=\"elementor-icon elementor-social-icon elementor-social-icon-facebook elementor-animation-grow elementor-repeater-item-1e12be3\" href=\"https:\/\/www.facebook.com\/dartscontrol\" target=\"_blank\">\n\t\t\t\t\t\t<span class=\"elementor-screen-only\">Facebook<\/span>\n\t\t\t\t\t\t<svg aria-hidden=\"true\" class=\"e-font-icon-svg e-fab-facebook\" viewBox=\"0 0 512 512\" xmlns=\"http:\/\/www.w3.org\/2000\/svg\"><path d=\"M504 256C504 119 393 8 256 8S8 119 8 256c0 123.78 90.69 226.38 209.25 245V327.69h-63V256h63v-54.64c0-62.15 37-96.48 93.67-96.48 27.14 0 55.52 4.84 55.52 4.84v61h-31.28c-30.8 0-40.41 19.12-40.41 38.73V256h68.78l-11 71.69h-57.78V501C413.31 482.38 504 379.78 504 256z\"><\/path><\/svg>\t\t\t\t\t<\/a>\n\t\t\t\t<\/span>\n\t\t\t\t\t\t\t<span class=\"elementor-grid-item\" role=\"listitem\">\n\t\t\t\t\t<a class=\"elementor-icon elementor-social-icon elementor-social-icon-tiktok elementor-animation-grow elementor-repeater-item-ef177d1\" href=\"https:\/\/www.tiktok.com\/@dc.dartscontrol\" target=\"_blank\">\n\t\t\t\t\t\t<span class=\"elementor-screen-only\">Tiktok<\/span>\n\t\t\t\t\t\t<svg aria-hidden=\"true\" class=\"e-font-icon-svg e-fab-tiktok\" viewBox=\"0 0 448 512\" xmlns=\"http:\/\/www.w3.org\/2000\/svg\"><path d=\"M448,209.91a210.06,210.06,0,0,1-122.77-39.25V349.38A162.55,162.55,0,1,1,185,188.31V278.2a74.62,74.62,0,1,0,52.23,71.18V0l88,0a121.18,121.18,0,0,0,1.86,22.17h0A122.18,122.18,0,0,0,381,102.39a121.43,121.43,0,0,0,67,20.14Z\"><\/path><\/svg>\t\t\t\t\t<\/a>\n\t\t\t\t<\/span>\n\t\t\t\t\t\t\t<span class=\"elementor-grid-item\" role=\"listitem\">\n\t\t\t\t\t<a class=\"elementor-icon elementor-social-icon elementor-social-icon-instagram elementor-animation-grow elementor-repeater-item-803890e\" href=\"https:\/\/www.instagram.com\/darts_control\/\" target=\"_blank\">\n\t\t\t\t\t\t<span class=\"elementor-screen-only\">Instagram<\/span>\n\t\t\t\t\t\t<svg aria-hidden=\"true\" class=\"e-font-icon-svg e-fab-instagram\" viewBox=\"0 0 448 512\" xmlns=\"http:\/\/www.w3.org\/2000\/svg\"><path d=\"M224.1 141c-63.6 0-114.9 51.3-114.9 114.9s51.3 114.9 114.9 114.9S339 319.5 339 255.9 287.7 141 224.1 141zm0 189.6c-41.1 0-74.7-33.5-74.7-74.7s33.5-74.7 74.7-74.7 74.7 33.5 74.7 74.7-33.6 74.7-74.7 74.7zm146.4-194.3c0 14.9-12 26.8-26.8 26.8-14.9 0-26.8-12-26.8-26.8s12-26.8 26.8-26.8 26.8 12 26.8 26.8zm76.1 27.2c-1.7-35.9-9.9-67.7-36.2-93.9-26.2-26.2-58-34.4-93.9-36.2-37-2.1-147.9-2.1-184.9 0-35.8 1.7-67.6 9.9-93.9 36.1s-34.4 58-36.2 93.9c-2.1 37-2.1 147.9 0 184.9 1.7 35.9 9.9 67.7 36.2 93.9s58 34.4 93.9 36.2c37 2.1 147.9 2.1 184.9 0 35.9-1.7 67.7-9.9 93.9-36.2 26.2-26.2 34.4-58 36.2-93.9 2.1-37 2.1-147.8 0-184.8zM398.8 388c-7.8 19.6-22.9 34.7-42.6 42.6-29.5 11.7-99.5 9-132.1 9s-102.7 2.6-132.1-9c-19.6-7.8-34.7-22.9-42.6-42.6-11.7-29.5-9-99.5-9-132.1s-2.6-102.7 9-132.1c7.8-19.6 22.9-34.7 42.6-42.6 29.5-11.7 99.5-9 132.1-9s102.7-2.6 132.1 9c19.6 7.8 34.7 22.9 42.6 42.6 11.7 29.5 9 99.5 9 132.1s2.7 102.7-9 132.1z\"><\/path><\/svg>\t\t\t\t\t<\/a>\n\t\t\t\t<\/span>\n\t\t\t\t\t\t\t<span class=\"elementor-grid-item\" role=\"listitem\">\n\t\t\t\t\t<a class=\"elementor-icon elementor-social-icon elementor-social-icon-whatsapp elementor-animation-grow elementor-repeater-item-00f91d1\" href=\"https:\/\/whatsapp.com\/channel\/0029VaMfqzf7oQheRBTWOK0y\" target=\"_blank\">\n\t\t\t\t\t\t<span class=\"elementor-screen-only\">Whatsapp<\/span>\n\t\t\t\t\t\t<svg aria-hidden=\"true\" class=\"e-font-icon-svg e-fab-whatsapp\" viewBox=\"0 0 448 512\" xmlns=\"http:\/\/www.w3.org\/2000\/svg\"><path d=\"M380.9 97.1C339 55.1 283.2 32 223.9 32c-122.4 0-222 99.6-222 222 0 39.1 10.2 77.3 29.6 111L0 480l117.7-30.9c32.4 17.7 68.9 27 106.1 27h.1c122.3 0 224.1-99.6 224.1-222 0-59.3-25.2-115-67.1-157zm-157 341.6c-33.2 0-65.7-8.9-94-25.7l-6.7-4-69.8 18.3L72 359.2l-4.4-7c-18.5-29.4-28.2-63.3-28.2-98.2 0-101.7 82.8-184.5 184.6-184.5 49.3 0 95.6 19.2 130.4 54.1 34.8 34.9 56.2 81.2 56.1 130.5 0 101.8-84.9 184.6-186.6 184.6zm101.2-138.2c-5.5-2.8-32.8-16.2-37.9-18-5.1-1.9-8.8-2.8-12.5 2.8-3.7 5.6-14.3 18-17.6 21.8-3.2 3.7-6.5 4.2-12 1.4-32.6-16.3-54-29.1-75.5-66-5.7-9.8 5.7-9.1 16.3-30.3 1.8-3.7.9-6.9-.5-9.7-1.4-2.8-12.5-30.1-17.1-41.2-4.5-10.8-9.1-9.3-12.5-9.5-3.2-.2-6.9-.2-10.6-.2-3.7 0-9.7 1.4-14.8 6.9-5.1 5.6-19.4 19-19.4 46.3 0 27.3 19.9 53.7 22.6 57.4 2.8 3.7 39.1 59.7 94.8 83.8 35.2 15.2 49 16.5 66.6 13.9 10.7-1.6 32.8-13.4 37.4-26.4 4.6-13 4.6-24.1 3.2-26.4-1.3-2.5-5-3.9-10.5-6.6z\"><\/path><\/svg>\t\t\t\t\t<\/a>\n\t\t\t\t<\/span>\n\t\t\t\t\t<\/div>\n\t\t\t\t\t\t<\/div>\n\t\t\t\t<\/div>\n\t\t\t\t\t<\/div>\n\t\t\t\t<\/div>\n\t\t<div class=\"elementor-element elementor-element-07361b1 pad-tb-m e-flex e-con-boxed e-con e-parent\" data-id=\"07361b1\" data-element_type=\"container\" data-e-type=\"container\">\n\t\t\t\t\t<div class=\"e-con-inner\">\n\t\t<div class=\"elementor-element elementor-element-0b456cc e-con-full e-flex e-con e-child\" data-id=\"0b456cc\" data-element_type=\"container\" data-e-type=\"container\">\n\t\t\t\t<div class=\"elementor-element elementor-element-0199f18 elementor-widget elementor-widget-heading\" data-id=\"0199f18\" data-element_type=\"widget\" data-e-type=\"widget\" data-widget_type=\"heading.default\">\n\t\t\t\t<div class=\"elementor-widget-container\">\n\t\t\t\t\t<h2 class=\"elementor-heading-title elementor-size-default\">So lernst du uns kennen und wir dich<\/h2>\t\t\t\t<\/div>\n\t\t\t\t<\/div>\n\t\t\t\t<div class=\"elementor-element elementor-element-2df0880 elementor-widget elementor-widget-text-editor\" data-id=\"2df0880\" data-element_type=\"widget\" data-e-type=\"widget\" data-widget_type=\"text-editor.default\">\n\t\t\t\t<div class=\"elementor-widget-container\">\n\t\t\t\t\t\t\t\t\t<p data-start=\"2604\" data-end=\"2670\">Jeden Freitag veranstalten wir unser offenes Turnier, den BAWAG \u201eHot Friday\u201c. Hier kann jeder vorbeikommen auch OHNE Vereinsmitglied zu sein. Der Hot Friday ist eine sehr beliebte Turnierserie in Wien, bei der sich jede Woche in einem wechselnden Turnier-Modus Dartspielerinnen und Dartspieler im Wettkampf messen und wir mit Spa\u00df und Sportsgeist trainieren unter Wettkampfbedingungen.<\/p>\t\t\t\t\t\t\t\t<\/div>\n\t\t\t\t<\/div>\n\t\t\t\t<div class=\"elementor-element elementor-element-33f8c14 elementor-widget elementor-widget-text-editor\" data-id=\"33f8c14\" data-element_type=\"widget\" data-e-type=\"widget\" data-widget_type=\"text-editor.default\">\n\t\t\t\t<div class=\"elementor-widget-container\">\n\t\t\t\t\t\t\t\t\t<p data-start=\"2604\" data-end=\"2670\">Eine weitere M\u00f6glichkeit uns und den Verein kennzulernen sind unsere Schnuppertage. 1x im Monat findet am 2. Mittwoch des Monats um 18:00 Uhr ein Schnuppertag statt. Hier kannst du gerne vorbeikommen und unseren Darts Club kennenlernen. An diesem Tag nehmen sich unsere Vorstandsmitglieder Zeit, um Interessierte in unserem Club zu begr\u00fc\u00dfen und alle offenen Fragen zu beantworten. Anschlie\u00dfend kann auch noch der eine oder andere Dart geworfen werden und in lockerer geselliger Atmosph\u00e4re Vereinsluft geschnuppert werden.<\/p>\t\t\t\t\t\t\t\t<\/div>\n\t\t\t\t<\/div>\n\t\t\t\t<div class=\"elementor-element elementor-element-f944da1 elementor-widget elementor-widget-button\" data-id=\"f944da1\" data-element_type=\"widget\" data-e-type=\"widget\" data-widget_type=\"button.default\">\n\t\t\t\t<div class=\"elementor-widget-container\">\n\t\t\t\t\t\t\t\t\t<div class=\"elementor-button-wrapper\">\n\t\t\t\t\t<a class=\"elementor-button elementor-button-link elementor-size-sm\" href=\"#formular\">\n\t\t\t\t\t\t<span class=\"elementor-button-content-wrapper\">\n\t\t\t\t\t\t\t\t\t<span class=\"elementor-button-text\">Jetzt zum Schnuppertag anmelden<\/span>\n\t\t\t\t\t<\/span>\n\t\t\t\t\t<\/a>\n\t\t\t\t<\/div>\n\t\t\t\t\t\t\t\t<\/div>\n\t\t\t\t<\/div>\n\t\t\t\t<\/div>\n\t\t<div class=\"elementor-element elementor-element-0f38e7c e-con-full e-flex e-con e-child\" data-id=\"0f38e7c\" data-element_type=\"container\" data-e-type=\"container\">\n\t\t\t\t<div class=\"elementor-element elementor-element-a795247 elementor-widget elementor-widget-image\" data-id=\"a795247\" data-element_type=\"widget\" data-e-type=\"widget\" data-widget_type=\"image.default\">\n\t\t\t\t<div class=\"elementor-widget-container\">\n\t\t\t\t\t\t\t\t\t\t\t\t\t\t\t<img decoding=\"async\" width=\"533\" height=\"400\" src=\"https:\/\/darts-control.at\/wp-content\/uploads\/Darts-Control-Vorstand-Dartsverein-Wien.jpg\" class=\"attachment-large size-large wp-image-983\" alt=\"\" \/>\t\t\t\t\t\t\t\t\t\t\t\t\t\t\t<\/div>\n\t\t\t\t<\/div>\n\t\t\t\t<\/div>\n\t\t\t\t\t<\/div>\n\t\t\t\t<\/div>\n\t\t<div class=\"elementor-element elementor-element-df09d8b pad-tb-m e-flex e-con-boxed e-con e-parent\" data-id=\"df09d8b\" data-element_type=\"container\" data-e-type=\"container\" data-settings=\"{&quot;background_background&quot;:&quot;classic&quot;}\">\n\t\t\t\t\t<div class=\"e-con-inner\">\n\t\t<div class=\"elementor-element elementor-element-d28e179 e-con-full e-flex e-con e-child\" data-id=\"d28e179\" data-element_type=\"container\" data-e-type=\"container\">\n\t\t\t\t<div class=\"elementor-element elementor-element-f9128cb elementor-widget elementor-widget-heading\" data-id=\"f9128cb\" data-element_type=\"widget\" data-e-type=\"widget\" data-widget_type=\"heading.default\">\n\t\t\t\t<div class=\"elementor-widget-container\">\n\t\t\t\t\t<h2 class=\"elementor-heading-title elementor-size-default\">Alle Informationen zur Mitgliedschaft bei uns<\/h2>\t\t\t\t<\/div>\n\t\t\t\t<\/div>\n\t\t\t\t<div class=\"elementor-element elementor-element-2382023 elementor-widget elementor-widget-text-editor\" data-id=\"2382023\" data-element_type=\"widget\" data-e-type=\"widget\" data-widget_type=\"text-editor.default\">\n\t\t\t\t<div class=\"elementor-widget-container\">\n\t\t\t\t\t\t\t\t\t<p data-start=\"161\" data-end=\"342\">Der Weg zur Mitgliedschaft bei Darts-Control ist bewusst unkompliziert gestaltet, denn uns ist wichtig, dass du den Verein zuerst in Ruhe kennenlernen kannst, bevor du dich entscheidest. Am besten besuchst du uns zun\u00e4chst bei einem unserer offenen \u201eHot Friday\u201c-Turniere oder bei einem unserer monatlichen Schnuppertage, wo du einen direkten Einblick in unsere Community, unsere Location und unseren Vereinsalltag bekommst. Dort lernst du unsere Mitglieder kennen, kannst Fragen stellen und selbst aktiv mitspielen. Wenn du dich bei uns wohlf\u00fchlst und Teil von Darts-Control werden m\u00f6chtest, kannst du einen Antrag auf Mitgliedschaft stellen, der vereinsintern gepr\u00fcft wird. Nach einer positiven R\u00fcckmeldung wird der Mitgliedsbeitrag eingezahlt und schon bist du offiziell Teil unseres Vereins. Ab diesem Zeitpunkt kannst du am Trainingsbetrieb teilnehmen, bei Turnieren starten und \u2013 wenn gew\u00fcnscht \u2013 in einem unserer Liga-Teams spielen. Uns ist wichtig, dass die Entscheidung f\u00fcr beide Seiten passt, weshalb wir gro\u00dfen Wert auf ein pers\u00f6nliches Kennenlernen vor der endg\u00fcltigen Aufnahme legen.<\/p>\t\t\t\t\t\t\t\t<\/div>\n\t\t\t\t<\/div>\n\t\t\t\t<div class=\"elementor-element elementor-element-5b898c2 elementor-widget elementor-widget-text-editor\" data-id=\"5b898c2\" data-element_type=\"widget\" data-e-type=\"widget\" data-widget_type=\"text-editor.default\">\n\t\t\t\t<div class=\"elementor-widget-container\">\n\t\t\t\t\t\t\t\t\t<p data-start=\"2604\" data-end=\"2670\">Die Mitgliedschaft bei Darts-Control ist klar und transparent geregelt. Der j\u00e4hrliche Mitgliedsbeitrag betr\u00e4gt 60 Euro pro Jahr f\u00fcr Jugendliche und 140 Euro pro Jahr f\u00fcr Erwachsene ab 18 Jahren. Im Mitgliedsbeitrag sind die Teilnahme am gesamten Vereinsbetrieb sowie die anfallenden Ligageb\u00fchren enthalten, sofern du Teil eines Teams wirst. Damit m\u00f6chten wir sicherstellen, dass sich unsere Mitglieder voll und ganz auf den Sport konzentrieren k\u00f6nnen, ohne sich um zus\u00e4tzliche organisatorische Kosten k\u00fcmmern zu m\u00fcssen. Es gibt kein festgelegtes Mindestalter f\u00fcr die Mitgliedschaft, entscheidend ist die Begeisterung f\u00fcr den Dartsport sowie die Bereitschaft, Teil unserer Community zu werden und den Verein aktiv mitzugestalten.<\/p>\t\t\t\t\t\t\t\t<\/div>\n\t\t\t\t<\/div>\n\t\t\t\t<\/div>\n\t\t<div class=\"elementor-element elementor-element-d31fd6f e-con-full e-flex e-con e-child\" data-id=\"d31fd6f\" data-element_type=\"container\" data-e-type=\"container\">\n\t\t\t\t<div class=\"elementor-element elementor-element-4c7ab27 elementor-view-default elementor-widget elementor-widget-icon\" data-id=\"4c7ab27\" data-element_type=\"widget\" data-e-type=\"widget\" data-widget_type=\"icon.default\">\n\t\t\t\t<div class=\"elementor-widget-container\">\n\t\t\t\t\t\t\t<div class=\"elementor-icon-wrapper\">\n\t\t\t<div class=\"elementor-icon\">\n\t\t\t<svg aria-hidden=\"true\" class=\"e-font-icon-svg e-fas-info-circle\" viewBox=\"0 0 512 512\" xmlns=\"http:\/\/www.w3.org\/2000\/svg\"><path d=\"M256 8C119.043 8 8 119.083 8 256c0 136.997 111.043 248 248 248s248-111.003 248-248C504 119.083 392.957 8 256 8zm0 110c23.196 0 42 18.804 42 42s-18.804 42-42 42-42-18.804-42-42 18.804-42 42-42zm56 254c0 6.627-5.373 12-12 12h-88c-6.627 0-12-5.373-12-12v-24c0-6.627 5.373-12 12-12h12v-64h-12c-6.627 0-12-5.373-12-12v-24c0-6.627 5.373-12 12-12h64c6.627 0 12 5.373 12 12v100h12c6.627 0 12 5.373 12 12v24z\"><\/path><\/svg>\t\t\t<\/div>\n\t\t<\/div>\n\t\t\t\t\t\t<\/div>\n\t\t\t\t<\/div>\n\t\t\t\t<\/div>\n\t\t\t\t\t<\/div>\n\t\t\t\t<\/div>\n\t\t<div class=\"elementor-element elementor-element-2269cb9 pad-tb-m e-flex e-con-boxed e-con e-parent\" data-id=\"2269cb9\" data-element_type=\"container\" data-e-type=\"container\" id=\"formular\" data-settings=\"{&quot;background_background&quot;:&quot;classic&quot;}\">\n\t\t\t\t\t<div class=\"e-con-inner\">\n\t\t<div class=\"elementor-element elementor-element-0256507 e-con-full e-flex e-con e-child\" data-id=\"0256507\" data-element_type=\"container\" data-e-type=\"container\">\n\t\t\t\t<div class=\"elementor-element elementor-element-a59b4e9 elementor-widget elementor-widget-heading\" data-id=\"a59b4e9\" data-element_type=\"widget\" data-e-type=\"widget\" data-widget_type=\"heading.default\">\n\t\t\t\t<div class=\"elementor-widget-container\">\n\t\t\t\t\t<h2 class=\"elementor-heading-title elementor-size-default\">Darts Club Darts-Control<\/h2>\t\t\t\t<\/div>\n\t\t\t\t<\/div>\n\t\t\t\t<div class=\"elementor-element elementor-element-bfb12f9 elementor-widget elementor-widget-text-editor\" data-id=\"bfb12f9\" data-element_type=\"widget\" data-e-type=\"widget\" data-widget_type=\"text-editor.default\">\n\t\t\t\t<div class=\"elementor-widget-container\">\n\t\t\t\t\t\t\t\t\t<p>Wehlistra\u00dfe 305\/2\/R01<br \/>1020 Wien<br \/>\u00d6sterreich<\/p>\t\t\t\t\t\t\t\t<\/div>\n\t\t\t\t<\/div>\n\t\t\t\t<div class=\"elementor-element elementor-element-a09ade8 elementor-widget elementor-widget-text-editor\" data-id=\"a09ade8\" data-element_type=\"widget\" data-e-type=\"widget\" data-widget_type=\"text-editor.default\">\n\t\t\t\t<div class=\"elementor-widget-container\">\n\t\t\t\t\t\t\t\t\t<p>Bei Interesse, Fragen zur Mitgliedschaft und f\u00fcr eine Anmeldung zum Schnuppertag kontaktiere uns gerne \u00fcber unser Kontaktformular!<\/p>\t\t\t\t\t\t\t\t<\/div>\n\t\t\t\t<\/div>\n\t\t\t\t<\/div>\n\t\t\t\t<div class=\"elementor-element elementor-element-7306ac8 elementor-button-align-stretch elementor-widget elementor-widget-form\" data-id=\"7306ac8\" data-element_type=\"widget\" data-e-type=\"widget\" data-settings=\"{&quot;step_next_label&quot;:&quot;N\\u00e4chster&quot;,&quot;step_previous_label&quot;:&quot;Voriger&quot;,&quot;button_width&quot;:&quot;100&quot;,&quot;step_type&quot;:&quot;number_text&quot;,&quot;step_icon_shape&quot;:&quot;circle&quot;}\" data-widget_type=\"form.default\">\n\t\t\t\t<div class=\"elementor-widget-container\">\n\t\t\t\t\t\t\t<form class=\"elementor-form\" method=\"post\" name=\"Anfrage zur Mitgliedschaft\" aria-label=\"Anfrage zur Mitgliedschaft\">\n\t\t\t<input type=\"hidden\" name=\"post_id\" value=\"2442\"\/>\n\t\t\t<input type=\"hidden\" name=\"form_id\" value=\"7306ac8\"\/>\n\t\t\t<input type=\"hidden\" name=\"referer_title\" value=\"Mitglied werden | Darts Club Darts-Control\" \/>\n\n\t\t\t\t\t\t\t<input type=\"hidden\" name=\"queried_id\" value=\"2442\"\/>\n\t\t\t\n\t\t\t<div class=\"elementor-form-fields-wrapper elementor-labels-\">\n\t\t\t\t\t\t\t\t<div class=\"elementor-field-type-text elementor-field-group elementor-column elementor-field-group-name elementor-col-100\">\n\t\t\t\t\t\t\t\t\t\t\t\t\t<input size=\"1\" type=\"text\" name=\"form_fields[name]\" id=\"form-field-name\" class=\"elementor-field elementor-size-md  elementor-field-textual\" placeholder=\"Name\">\n\t\t\t\t\t\t\t\t\t\t\t<\/div>\n\t\t\t\t\t\t\t\t<div class=\"elementor-field-type-email elementor-field-group elementor-column elementor-field-group-email elementor-col-100 elementor-field-required\">\n\t\t\t\t\t\t\t\t\t\t\t\t\t<input size=\"1\" type=\"email\" name=\"form_fields[email]\" id=\"form-field-email\" class=\"elementor-field elementor-size-md  elementor-field-textual\" placeholder=\"E-Mail\" required=\"required\">\n\t\t\t\t\t\t\t\t\t\t\t<\/div>\n\t\t\t\t\t\t\t\t<div class=\"elementor-field-type-textarea elementor-field-group elementor-column elementor-field-group-message elementor-col-100\">\n\t\t\t\t\t<textarea class=\"elementor-field-textual elementor-field  elementor-size-md\" name=\"form_fields[message]\" id=\"form-field-message\" rows=\"4\" placeholder=\"Nachricht\"><\/textarea>\t\t\t\t<\/div>\n\t\t\t\t\t\t\t\t<div class=\"elementor-field-type-recaptcha_v3 elementor-field-group elementor-column elementor-field-group-field_ee59bcc elementor-col-100 recaptcha_v3-bottomleft\">\n\t\t\t\t\t<div class=\"elementor-field\" id=\"form-field-field_ee59bcc\"><div class=\"elementor-g-recaptcha\" data-sitekey=\"6Lec1ropAAAAADYKlj-Wyxy6BFvL7td2UEjfN1mv\" data-type=\"v3\" data-action=\"Form\" data-badge=\"bottomleft\" data-size=\"invisible\"><\/div><\/div>\t\t\t\t<\/div>\n\t\t\t\t\t\t\t\t<div class=\"elementor-field-group elementor-column elementor-field-type-submit elementor-col-100 e-form__buttons\">\n\t\t\t\t\t<button class=\"elementor-button elementor-size-sm\" type=\"submit\">\n\t\t\t\t\t\t<span class=\"elementor-button-content-wrapper\">\n\t\t\t\t\t\t\t\t\t\t\t\t\t\t\t\t\t\t\t\t\t\t<span class=\"elementor-button-text\">Senden<\/span>\n\t\t\t\t\t\t\t\t\t\t\t\t\t<\/span>\n\t\t\t\t\t<\/button>\n\t\t\t\t<\/div>\n\t\t\t<\/div>\n\t\t<\/form>\n\t\t\t\t\t\t<\/div>\n\t\t\t\t<\/div>\n\t\t\t\t\t<\/div>\n\t\t\t\t<\/div>\n\t\t\t\t<\/div>\n\t\t","protected":false},"excerpt":{"rendered":"<p>Werde Mitglied bei Darts-Control Starte deinen Weg im Steeldarts \u2013 egal ob Anf\u00e4nger oder Fortgeschrittener Du m\u00f6chtest in einem Verein Darts spielen, Teil einer starken Community werden und dich sportlich weiterentwickeln? Dann bist du bei uns genau richtig. Der Darts Club Darts-Control ist einer der gr\u00f6\u00dften Steeldarts-Vereine \u00d6sterreichs und der gr\u00f6\u00dfte in Wien \u2013 und [&hellip;]<\/p>\n","protected":false},"author":1,"featured_media":0,"parent":0,"menu_order":0,"comment_status":"closed","ping_status":"closed","template":"","meta":{"_acf_changed":false,"iawp_total_views":120,"footnotes":""},"class_list":["post-2442","page","type-page","status-publish","hentry"],"acf":[],"_links":{"self":[{"href":"https:\/\/darts-control.at\/en\/wp-json\/wp\/v2\/pages\/2442","targetHints":{"allow":["GET"]}}],"collection":[{"href":"https:\/\/darts-control.at\/en\/wp-json\/wp\/v2\/pages"}],"about":[{"href":"https:\/\/darts-control.at\/en\/wp-json\/wp\/v2\/types\/page"}],"author":[{"embeddable":true,"href":"https:\/\/darts-control.at\/en\/wp-json\/wp\/v2\/users\/1"}],"replies":[{"embeddable":true,"href":"https:\/\/darts-control.at\/en\/wp-json\/wp\/v2\/comments?post=2442"}],"version-history":[{"count":7,"href":"https:\/\/darts-control.at\/en\/wp-json\/wp\/v2\/pages\/2442\/revisions"}],"predecessor-version":[{"id":2452,"href":"https:\/\/darts-control.at\/en\/wp-json\/wp\/v2\/pages\/2442\/revisions\/2452"}],"wp:attachment":[{"href":"https:\/\/darts-control.at\/en\/wp-json\/wp\/v2\/media?parent=2442"}],"curies":[{"name":"wp","href":"https:\/\/api.w.org\/{rel}","templated":true}]}}